{"id":510,"date":"2023-06-08T10:43:53","date_gmt":"2023-06-08T14:43:53","guid":{"rendered":"https:\/\/excellthera.com\/careers\/"},"modified":"2023-10-06T15:28:17","modified_gmt":"2023-10-06T19:28:17","slug":"carrieres","status":"publish","type":"page","link":"https:\/\/excellthera.com\/fr\/carrieres\/","title":{"rendered":"Carri\u00e8res"},"content":{"rendered":"","protected":false},"excerpt":{"rendered":"","protected":false},"author":1,"featured_media":0,"parent":0,"menu_order":0,"comment_status":"closed","ping_status":"closed","template":"page-templates\/template-careers.php","meta":{"footnotes":""},"class_list":["post-510","page","type-page","status-publish","hentry"],"acf":[],"yoast_head":"<!-- This site is optimized with the Yoast SEO plugin v21.5 - https:\/\/yoast.com\/wordpress\/plugins\/seo\/ -->\n<title>Carri\u00e8res - ExCellThera<\/title>\n<meta name=\"description\" content=\"ExCellThera est un groupe d\u2019individus innovants et motiv\u00e9s avec des ant\u00e9c\u00e9dents divers qui donnent toujours la priorit\u00e9 aux patients. En \u00e9quipe, nous nous engageons \u00e0 offrir des rem\u00e8des \u00e0 ceux qui en ont besoin.\" \/>\n<meta name=\"robots\" content=\"index, follow, max-snippet:-1, max-image-preview:large, max-video-preview:-1\" \/>\n<link rel=\"canonical\" href=\"https:\/\/excellthera.com\/fr\/carrieres\/\" \/>\n<meta property=\"og:locale\" content=\"fr_FR\" \/>\n<meta property=\"og:type\" content=\"article\" \/>\n<meta property=\"og:title\" content=\"Carri\u00e8res - ExCellThera\" \/>\n<meta property=\"og:description\" content=\"ExCellThera est un groupe d\u2019individus innovants et motiv\u00e9s avec des ant\u00e9c\u00e9dents divers qui donnent toujours la priorit\u00e9 aux patients. En \u00e9quipe, nous nous engageons \u00e0 offrir des rem\u00e8des \u00e0 ceux qui en ont besoin.\" \/>\n<meta property=\"og:url\" content=\"https:\/\/excellthera.com\/fr\/carrieres\/\" \/>\n<meta property=\"og:site_name\" content=\"ExCellThera\" \/>\n<meta property=\"article:modified_time\" content=\"2023-10-06T19:28:17+00:00\" \/>\n<meta property=\"og:image\" content=\"https:\/\/excellthera.com\/wp-content\/uploads\/2023\/10\/ExcellThera-OG.jpg\" \/>\n\t<meta property=\"og:image:width\" content=\"1200\" \/>\n\t<meta property=\"og:image:height\" content=\"630\" \/>\n\t<meta property=\"og:image:type\" content=\"image\/jpeg\" \/>\n<meta name=\"twitter:card\" content=\"summary_large_image\" \/>\n<script type=\"application\/ld+json\" class=\"yoast-schema-graph\">{\"@context\":\"https:\/\/schema.org\",\"@graph\":[{\"@type\":\"WebPage\",\"@id\":\"https:\/\/excellthera.com\/fr\/carrieres\/\",\"url\":\"https:\/\/excellthera.com\/fr\/carrieres\/\",\"name\":\"Carri\u00e8res - ExCellThera\",\"isPartOf\":{\"@id\":\"https:\/\/excellthera.com\/fr\/#website\"},\"datePublished\":\"2023-06-08T14:43:53+00:00\",\"dateModified\":\"2023-10-06T19:28:17+00:00\",\"description\":\"ExCellThera est un groupe d\u2019individus innovants et motiv\u00e9s avec des ant\u00e9c\u00e9dents divers qui donnent toujours la priorit\u00e9 aux patients. En \u00e9quipe, nous nous engageons \u00e0 offrir des rem\u00e8des \u00e0 ceux qui en ont besoin.\",\"breadcrumb\":{\"@id\":\"https:\/\/excellthera.com\/fr\/carrieres\/#breadcrumb\"},\"inLanguage\":\"fr-FR\",\"potentialAction\":[{\"@type\":\"ReadAction\",\"target\":[\"https:\/\/excellthera.com\/fr\/carrieres\/\"]}]},{\"@type\":\"BreadcrumbList\",\"@id\":\"https:\/\/excellthera.com\/fr\/carrieres\/#breadcrumb\",\"itemListElement\":[{\"@type\":\"ListItem\",\"position\":1,\"name\":\"Home\",\"item\":\"https:\/\/excellthera.com\/fr\/\"},{\"@type\":\"ListItem\",\"position\":2,\"name\":\"Carri\u00e8res\"}]},{\"@type\":\"WebSite\",\"@id\":\"https:\/\/excellthera.com\/fr\/#website\",\"url\":\"https:\/\/excellthera.com\/fr\/\",\"name\":\"ExCellThera\",\"description\":\"\",\"publisher\":{\"@id\":\"https:\/\/excellthera.com\/fr\/#organization\"},\"potentialAction\":[{\"@type\":\"SearchAction\",\"target\":{\"@type\":\"EntryPoint\",\"urlTemplate\":\"https:\/\/excellthera.com\/fr\/?s={search_term_string}\"},\"query-input\":\"required name=search_term_string\"}],\"inLanguage\":\"fr-FR\"},{\"@type\":\"Organization\",\"@id\":\"https:\/\/excellthera.com\/fr\/#organization\",\"name\":\"ExcellThera\",\"url\":\"https:\/\/excellthera.com\/fr\/\",\"logo\":{\"@type\":\"ImageObject\",\"inLanguage\":\"fr-FR\",\"@id\":\"https:\/\/excellthera.com\/fr\/#\/schema\/logo\/image\/\",\"url\":\"https:\/\/excellthera.com\/wp-content\/uploads\/2023\/10\/ExcellThera-OG.jpg\",\"contentUrl\":\"https:\/\/excellthera.com\/wp-content\/uploads\/2023\/10\/ExcellThera-OG.jpg\",\"width\":1200,\"height\":630,\"caption\":\"ExcellThera\"},\"image\":{\"@id\":\"https:\/\/excellthera.com\/fr\/#\/schema\/logo\/image\/\"}}]}<\/script>\n<!-- \/ Yoast SEO plugin. -->","yoast_head_json":{"title":"Carri\u00e8res - ExCellThera","description":"ExCellThera est un groupe d\u2019individus innovants et motiv\u00e9s avec des ant\u00e9c\u00e9dents divers qui donnent toujours la priorit\u00e9 aux patients. En \u00e9quipe, nous nous engageons \u00e0 offrir des rem\u00e8des \u00e0 ceux qui en ont besoin.","robots":{"index":"index","follow":"follow","max-snippet":"max-snippet:-1","max-image-preview":"max-image-preview:large","max-video-preview":"max-video-preview:-1"},"canonical":"https:\/\/excellthera.com\/fr\/carrieres\/","og_locale":"fr_FR","og_type":"article","og_title":"Carri\u00e8res - ExCellThera","og_description":"ExCellThera est un groupe d\u2019individus innovants et motiv\u00e9s avec des ant\u00e9c\u00e9dents divers qui donnent toujours la priorit\u00e9 aux patients. En \u00e9quipe, nous nous engageons \u00e0 offrir des rem\u00e8des \u00e0 ceux qui en ont besoin.","og_url":"https:\/\/excellthera.com\/fr\/carrieres\/","og_site_name":"ExCellThera","article_modified_time":"2023-10-06T19:28:17+00:00","og_image":[{"width":1200,"height":630,"url":"https:\/\/excellthera.com\/wp-content\/uploads\/2023\/10\/ExcellThera-OG.jpg","type":"image\/jpeg"}],"twitter_card":"summary_large_image","schema":{"@context":"https:\/\/schema.org","@graph":[{"@type":"WebPage","@id":"https:\/\/excellthera.com\/fr\/carrieres\/","url":"https:\/\/excellthera.com\/fr\/carrieres\/","name":"Carri\u00e8res - ExCellThera","isPartOf":{"@id":"https:\/\/excellthera.com\/fr\/#website"},"datePublished":"2023-06-08T14:43:53+00:00","dateModified":"2023-10-06T19:28:17+00:00","description":"ExCellThera est un groupe d\u2019individus innovants et motiv\u00e9s avec des ant\u00e9c\u00e9dents divers qui donnent toujours la priorit\u00e9 aux patients. En \u00e9quipe, nous nous engageons \u00e0 offrir des rem\u00e8des \u00e0 ceux qui en ont besoin.","breadcrumb":{"@id":"https:\/\/excellthera.com\/fr\/carrieres\/#breadcrumb"},"inLanguage":"fr-FR","potentialAction":[{"@type":"ReadAction","target":["https:\/\/excellthera.com\/fr\/carrieres\/"]}]},{"@type":"BreadcrumbList","@id":"https:\/\/excellthera.com\/fr\/carrieres\/#breadcrumb","itemListElement":[{"@type":"ListItem","position":1,"name":"Home","item":"https:\/\/excellthera.com\/fr\/"},{"@type":"ListItem","position":2,"name":"Carri\u00e8res"}]},{"@type":"WebSite","@id":"https:\/\/excellthera.com\/fr\/#website","url":"https:\/\/excellthera.com\/fr\/","name":"ExCellThera","description":"","publisher":{"@id":"https:\/\/excellthera.com\/fr\/#organization"},"potentialAction":[{"@type":"SearchAction","target":{"@type":"EntryPoint","urlTemplate":"https:\/\/excellthera.com\/fr\/?s={search_term_string}"},"query-input":"required name=search_term_string"}],"inLanguage":"fr-FR"},{"@type":"Organization","@id":"https:\/\/excellthera.com\/fr\/#organization","name":"ExcellThera","url":"https:\/\/excellthera.com\/fr\/","logo":{"@type":"ImageObject","inLanguage":"fr-FR","@id":"https:\/\/excellthera.com\/fr\/#\/schema\/logo\/image\/","url":"https:\/\/excellthera.com\/wp-content\/uploads\/2023\/10\/ExcellThera-OG.jpg","contentUrl":"https:\/\/excellthera.com\/wp-content\/uploads\/2023\/10\/ExcellThera-OG.jpg","width":1200,"height":630,"caption":"ExcellThera"},"image":{"@id":"https:\/\/excellthera.com\/fr\/#\/schema\/logo\/image\/"}}]}},"_links":{"self":[{"href":"https:\/\/excellthera.com\/fr\/wp-json\/wp\/v2\/pages\/510","targetHints":{"allow":["GET"]}}],"collection":[{"href":"https:\/\/excellthera.com\/fr\/wp-json\/wp\/v2\/pages"}],"about":[{"href":"https:\/\/excellthera.com\/fr\/wp-json\/wp\/v2\/types\/page"}],"author":[{"embeddable":true,"href":"https:\/\/excellthera.com\/fr\/wp-json\/wp\/v2\/users\/1"}],"replies":[{"embeddable":true,"href":"https:\/\/excellthera.com\/fr\/wp-json\/wp\/v2\/comments?post=510"}],"version-history":[{"count":3,"href":"https:\/\/excellthera.com\/fr\/wp-json\/wp\/v2\/pages\/510\/revisions"}],"predecessor-version":[{"id":513,"href":"https:\/\/excellthera.com\/fr\/wp-json\/wp\/v2\/pages\/510\/revisions\/513"}],"wp:attachment":[{"href":"https:\/\/excellthera.com\/fr\/wp-json\/wp\/v2\/media?parent=510"}],"curies":[{"name":"wp","href":"https:\/\/api.w.org\/{rel}","templated":true}]}}