{"id":503,"date":"2023-09-11T14:31:59","date_gmt":"2023-09-11T18:31:59","guid":{"rendered":"https:\/\/excellthera.com\/enhance-plateform\/"},"modified":"2024-08-29T12:12:30","modified_gmt":"2024-08-29T16:12:30","slug":"plateforme-enhance","status":"publish","type":"page","link":"https:\/\/excellthera.com\/fr\/plateforme-enhance\/","title":{"rendered":"Plateforme Enhance<sup>TM<\/sup>"},"content":{"rendered":"","protected":false},"excerpt":{"rendered":"","protected":false},"author":2,"featured_media":0,"parent":0,"menu_order":0,"comment_status":"closed","ping_status":"closed","template":"page-templates\/template-enhance.php","meta":{"footnotes":""},"class_list":["post-503","page","type-page","status-publish","hentry"],"acf":[],"yoast_head":"<!-- This site is optimized with the Yoast SEO plugin v21.5 - https:\/\/yoast.com\/wordpress\/plugins\/seo\/ -->\n<title>Plateforme EnhanceTM - ExCellThera<\/title>\n<meta name=\"description\" content=\"Plateforme exclusive con\u00e7ue pour aider les entreprises de th\u00e9rapie cellulaire et g\u00e9nique \u00e0 fournir de plus grandes doses de cellules fonctionnelles en d\u00e9veloppant les CSH de n&#039;importe quelle source et en contrant les effets du stress induit par la manipulation des cellules.\" \/>\n<meta name=\"robots\" content=\"index, follow, max-snippet:-1, max-image-preview:large, max-video-preview:-1\" \/>\n<link rel=\"canonical\" href=\"https:\/\/excellthera.com\/fr\/plateforme-enhance\/\" \/>\n<meta property=\"og:locale\" content=\"fr_FR\" \/>\n<meta property=\"og:type\" content=\"article\" \/>\n<meta property=\"og:title\" content=\"Plateforme EnhanceTM - ExCellThera\" \/>\n<meta property=\"og:description\" content=\"Plateforme exclusive con\u00e7ue pour aider les entreprises de th\u00e9rapie cellulaire et g\u00e9nique \u00e0 fournir de plus grandes doses de cellules fonctionnelles en d\u00e9veloppant les CSH de n&#039;importe quelle source et en contrant les effets du stress induit par la manipulation des cellules.\" \/>\n<meta property=\"og:url\" content=\"https:\/\/excellthera.com\/fr\/plateforme-enhance\/\" \/>\n<meta property=\"og:site_name\" content=\"ExCellThera\" \/>\n<meta property=\"article:modified_time\" content=\"2024-08-29T16:12:30+00:00\" \/>\n<meta property=\"og:image\" content=\"https:\/\/excellthera.com\/wp-content\/uploads\/2023\/10\/ExcellThera-OG.jpg\" \/>\n\t<meta property=\"og:image:width\" content=\"1200\" \/>\n\t<meta property=\"og:image:height\" content=\"630\" \/>\n\t<meta property=\"og:image:type\" content=\"image\/jpeg\" \/>\n<meta name=\"twitter:card\" content=\"summary_large_image\" \/>\n<script type=\"application\/ld+json\" class=\"yoast-schema-graph\">{\"@context\":\"https:\/\/schema.org\",\"@graph\":[{\"@type\":\"WebPage\",\"@id\":\"https:\/\/excellthera.com\/fr\/plateforme-enhance\/\",\"url\":\"https:\/\/excellthera.com\/fr\/plateforme-enhance\/\",\"name\":\"Plateforme EnhanceTM - ExCellThera\",\"isPartOf\":{\"@id\":\"https:\/\/excellthera.com\/fr\/#website\"},\"datePublished\":\"2023-09-11T18:31:59+00:00\",\"dateModified\":\"2024-08-29T16:12:30+00:00\",\"description\":\"Plateforme exclusive con\u00e7ue pour aider les entreprises de th\u00e9rapie cellulaire et g\u00e9nique \u00e0 fournir de plus grandes doses de cellules fonctionnelles en d\u00e9veloppant les CSH de n'importe quelle source et en contrant les effets du stress induit par la manipulation des cellules.\",\"breadcrumb\":{\"@id\":\"https:\/\/excellthera.com\/fr\/plateforme-enhance\/#breadcrumb\"},\"inLanguage\":\"fr-FR\",\"potentialAction\":[{\"@type\":\"ReadAction\",\"target\":[\"https:\/\/excellthera.com\/fr\/plateforme-enhance\/\"]}]},{\"@type\":\"BreadcrumbList\",\"@id\":\"https:\/\/excellthera.com\/fr\/plateforme-enhance\/#breadcrumb\",\"itemListElement\":[{\"@type\":\"ListItem\",\"position\":1,\"name\":\"Home\",\"item\":\"https:\/\/excellthera.com\/fr\/\"},{\"@type\":\"ListItem\",\"position\":2,\"name\":\"Plateforme EnhanceTM\"}]},{\"@type\":\"WebSite\",\"@id\":\"https:\/\/excellthera.com\/fr\/#website\",\"url\":\"https:\/\/excellthera.com\/fr\/\",\"name\":\"ExCellThera\",\"description\":\"\",\"publisher\":{\"@id\":\"https:\/\/excellthera.com\/fr\/#organization\"},\"potentialAction\":[{\"@type\":\"SearchAction\",\"target\":{\"@type\":\"EntryPoint\",\"urlTemplate\":\"https:\/\/excellthera.com\/fr\/?s={search_term_string}\"},\"query-input\":\"required name=search_term_string\"}],\"inLanguage\":\"fr-FR\"},{\"@type\":\"Organization\",\"@id\":\"https:\/\/excellthera.com\/fr\/#organization\",\"name\":\"ExcellThera\",\"url\":\"https:\/\/excellthera.com\/fr\/\",\"logo\":{\"@type\":\"ImageObject\",\"inLanguage\":\"fr-FR\",\"@id\":\"https:\/\/excellthera.com\/fr\/#\/schema\/logo\/image\/\",\"url\":\"https:\/\/excellthera.com\/wp-content\/uploads\/2023\/10\/ExcellThera-OG.jpg\",\"contentUrl\":\"https:\/\/excellthera.com\/wp-content\/uploads\/2023\/10\/ExcellThera-OG.jpg\",\"width\":1200,\"height\":630,\"caption\":\"ExcellThera\"},\"image\":{\"@id\":\"https:\/\/excellthera.com\/fr\/#\/schema\/logo\/image\/\"}}]}<\/script>\n<!-- \/ Yoast SEO plugin. -->","yoast_head_json":{"title":"Plateforme EnhanceTM - ExCellThera","description":"Plateforme exclusive con\u00e7ue pour aider les entreprises de th\u00e9rapie cellulaire et g\u00e9nique \u00e0 fournir de plus grandes doses de cellules fonctionnelles en d\u00e9veloppant les CSH de n'importe quelle source et en contrant les effets du stress induit par la manipulation des cellules.","robots":{"index":"index","follow":"follow","max-snippet":"max-snippet:-1","max-image-preview":"max-image-preview:large","max-video-preview":"max-video-preview:-1"},"canonical":"https:\/\/excellthera.com\/fr\/plateforme-enhance\/","og_locale":"fr_FR","og_type":"article","og_title":"Plateforme EnhanceTM - ExCellThera","og_description":"Plateforme exclusive con\u00e7ue pour aider les entreprises de th\u00e9rapie cellulaire et g\u00e9nique \u00e0 fournir de plus grandes doses de cellules fonctionnelles en d\u00e9veloppant les CSH de n'importe quelle source et en contrant les effets du stress induit par la manipulation des cellules.","og_url":"https:\/\/excellthera.com\/fr\/plateforme-enhance\/","og_site_name":"ExCellThera","article_modified_time":"2024-08-29T16:12:30+00:00","og_image":[{"width":1200,"height":630,"url":"https:\/\/excellthera.com\/wp-content\/uploads\/2023\/10\/ExcellThera-OG.jpg","type":"image\/jpeg"}],"twitter_card":"summary_large_image","schema":{"@context":"https:\/\/schema.org","@graph":[{"@type":"WebPage","@id":"https:\/\/excellthera.com\/fr\/plateforme-enhance\/","url":"https:\/\/excellthera.com\/fr\/plateforme-enhance\/","name":"Plateforme EnhanceTM - ExCellThera","isPartOf":{"@id":"https:\/\/excellthera.com\/fr\/#website"},"datePublished":"2023-09-11T18:31:59+00:00","dateModified":"2024-08-29T16:12:30+00:00","description":"Plateforme exclusive con\u00e7ue pour aider les entreprises de th\u00e9rapie cellulaire et g\u00e9nique \u00e0 fournir de plus grandes doses de cellules fonctionnelles en d\u00e9veloppant les CSH de n'importe quelle source et en contrant les effets du stress induit par la manipulation des cellules.","breadcrumb":{"@id":"https:\/\/excellthera.com\/fr\/plateforme-enhance\/#breadcrumb"},"inLanguage":"fr-FR","potentialAction":[{"@type":"ReadAction","target":["https:\/\/excellthera.com\/fr\/plateforme-enhance\/"]}]},{"@type":"BreadcrumbList","@id":"https:\/\/excellthera.com\/fr\/plateforme-enhance\/#breadcrumb","itemListElement":[{"@type":"ListItem","position":1,"name":"Home","item":"https:\/\/excellthera.com\/fr\/"},{"@type":"ListItem","position":2,"name":"Plateforme EnhanceTM"}]},{"@type":"WebSite","@id":"https:\/\/excellthera.com\/fr\/#website","url":"https:\/\/excellthera.com\/fr\/","name":"ExCellThera","description":"","publisher":{"@id":"https:\/\/excellthera.com\/fr\/#organization"},"potentialAction":[{"@type":"SearchAction","target":{"@type":"EntryPoint","urlTemplate":"https:\/\/excellthera.com\/fr\/?s={search_term_string}"},"query-input":"required name=search_term_string"}],"inLanguage":"fr-FR"},{"@type":"Organization","@id":"https:\/\/excellthera.com\/fr\/#organization","name":"ExcellThera","url":"https:\/\/excellthera.com\/fr\/","logo":{"@type":"ImageObject","inLanguage":"fr-FR","@id":"https:\/\/excellthera.com\/fr\/#\/schema\/logo\/image\/","url":"https:\/\/excellthera.com\/wp-content\/uploads\/2023\/10\/ExcellThera-OG.jpg","contentUrl":"https:\/\/excellthera.com\/wp-content\/uploads\/2023\/10\/ExcellThera-OG.jpg","width":1200,"height":630,"caption":"ExcellThera"},"image":{"@id":"https:\/\/excellthera.com\/fr\/#\/schema\/logo\/image\/"}}]}},"_links":{"self":[{"href":"https:\/\/excellthera.com\/fr\/wp-json\/wp\/v2\/pages\/503","targetHints":{"allow":["GET"]}}],"collection":[{"href":"https:\/\/excellthera.com\/fr\/wp-json\/wp\/v2\/pages"}],"about":[{"href":"https:\/\/excellthera.com\/fr\/wp-json\/wp\/v2\/types\/page"}],"author":[{"embeddable":true,"href":"https:\/\/excellthera.com\/fr\/wp-json\/wp\/v2\/users\/2"}],"replies":[{"embeddable":true,"href":"https:\/\/excellthera.com\/fr\/wp-json\/wp\/v2\/comments?post=503"}],"version-history":[{"count":16,"href":"https:\/\/excellthera.com\/fr\/wp-json\/wp\/v2\/pages\/503\/revisions"}],"predecessor-version":[{"id":810,"href":"https:\/\/excellthera.com\/fr\/wp-json\/wp\/v2\/pages\/503\/revisions\/810"}],"wp:attachment":[{"href":"https:\/\/excellthera.com\/fr\/wp-json\/wp\/v2\/media?parent=503"}],"curies":[{"name":"wp","href":"https:\/\/api.w.org\/{rel}","templated":true}]}}