{"id":502,"date":"2023-09-11T14:32:23","date_gmt":"2023-09-11T18:32:23","guid":{"rendered":"https:\/\/excellthera.com\/pipeline\/"},"modified":"2023-10-26T10:58:16","modified_gmt":"2023-10-26T14:58:16","slug":"pipeline","status":"publish","type":"page","link":"https:\/\/excellthera.com\/fr\/pipeline\/","title":{"rendered":"Pipeline"},"content":{"rendered":"","protected":false},"excerpt":{"rendered":"","protected":false},"author":2,"featured_media":0,"parent":0,"menu_order":0,"comment_status":"closed","ping_status":"closed","template":"page-templates\/template-pipeline.php","meta":{"footnotes":""},"class_list":["post-502","page","type-page","status-publish","hentry"],"acf":[],"yoast_head":"<!-- This site is optimized with the Yoast SEO plugin v21.5 - https:\/\/yoast.com\/wordpress\/plugins\/seo\/ -->\n<title>Pipeline - ExCellThera<\/title>\n<meta name=\"description\" content=\"Plongez dans notre pipeline prometteur de solutions de m\u00e9decine r\u00e9g\u00e9n\u00e9rative de pointe. D\u00e9couvrez l&#039;avenir des soins de sant\u00e9 gr\u00e2ce \u00e0 nos efforts de recherche et de d\u00e9veloppement.\" \/>\n<meta name=\"robots\" content=\"index, follow, max-snippet:-1, max-image-preview:large, max-video-preview:-1\" \/>\n<link rel=\"canonical\" href=\"https:\/\/excellthera.com\/fr\/pipeline\/\" \/>\n<meta property=\"og:locale\" content=\"fr_FR\" \/>\n<meta property=\"og:type\" content=\"article\" \/>\n<meta property=\"og:title\" content=\"Pipeline - ExCellThera\" \/>\n<meta property=\"og:description\" content=\"Plongez dans notre pipeline prometteur de solutions de m\u00e9decine r\u00e9g\u00e9n\u00e9rative de pointe. D\u00e9couvrez l&#039;avenir des soins de sant\u00e9 gr\u00e2ce \u00e0 nos efforts de recherche et de d\u00e9veloppement.\" \/>\n<meta property=\"og:url\" content=\"https:\/\/excellthera.com\/fr\/pipeline\/\" \/>\n<meta property=\"og:site_name\" content=\"ExCellThera\" \/>\n<meta property=\"article:modified_time\" content=\"2023-10-26T14:58:16+00:00\" \/>\n<meta property=\"og:image\" content=\"https:\/\/excellthera.com\/wp-content\/uploads\/2023\/10\/ExcellThera-OG.jpg\" \/>\n\t<meta property=\"og:image:width\" content=\"1200\" \/>\n\t<meta property=\"og:image:height\" content=\"630\" \/>\n\t<meta property=\"og:image:type\" content=\"image\/jpeg\" \/>\n<meta name=\"twitter:card\" content=\"summary_large_image\" \/>\n<script type=\"application\/ld+json\" class=\"yoast-schema-graph\">{\"@context\":\"https:\/\/schema.org\",\"@graph\":[{\"@type\":\"WebPage\",\"@id\":\"https:\/\/excellthera.com\/fr\/pipeline\/\",\"url\":\"https:\/\/excellthera.com\/fr\/pipeline\/\",\"name\":\"Pipeline - ExCellThera\",\"isPartOf\":{\"@id\":\"https:\/\/excellthera.com\/fr\/#website\"},\"datePublished\":\"2023-09-11T18:32:23+00:00\",\"dateModified\":\"2023-10-26T14:58:16+00:00\",\"description\":\"Plongez dans notre pipeline prometteur de solutions de m\u00e9decine r\u00e9g\u00e9n\u00e9rative de pointe. D\u00e9couvrez l'avenir des soins de sant\u00e9 gr\u00e2ce \u00e0 nos efforts de recherche et de d\u00e9veloppement.\",\"breadcrumb\":{\"@id\":\"https:\/\/excellthera.com\/fr\/pipeline\/#breadcrumb\"},\"inLanguage\":\"fr-FR\",\"potentialAction\":[{\"@type\":\"ReadAction\",\"target\":[\"https:\/\/excellthera.com\/fr\/pipeline\/\"]}]},{\"@type\":\"BreadcrumbList\",\"@id\":\"https:\/\/excellthera.com\/fr\/pipeline\/#breadcrumb\",\"itemListElement\":[{\"@type\":\"ListItem\",\"position\":1,\"name\":\"Home\",\"item\":\"https:\/\/excellthera.com\/fr\/\"},{\"@type\":\"ListItem\",\"position\":2,\"name\":\"Pipeline\"}]},{\"@type\":\"WebSite\",\"@id\":\"https:\/\/excellthera.com\/fr\/#website\",\"url\":\"https:\/\/excellthera.com\/fr\/\",\"name\":\"ExCellThera\",\"description\":\"\",\"publisher\":{\"@id\":\"https:\/\/excellthera.com\/fr\/#organization\"},\"potentialAction\":[{\"@type\":\"SearchAction\",\"target\":{\"@type\":\"EntryPoint\",\"urlTemplate\":\"https:\/\/excellthera.com\/fr\/?s={search_term_string}\"},\"query-input\":\"required name=search_term_string\"}],\"inLanguage\":\"fr-FR\"},{\"@type\":\"Organization\",\"@id\":\"https:\/\/excellthera.com\/fr\/#organization\",\"name\":\"ExcellThera\",\"url\":\"https:\/\/excellthera.com\/fr\/\",\"logo\":{\"@type\":\"ImageObject\",\"inLanguage\":\"fr-FR\",\"@id\":\"https:\/\/excellthera.com\/fr\/#\/schema\/logo\/image\/\",\"url\":\"https:\/\/excellthera.com\/wp-content\/uploads\/2023\/10\/ExcellThera-OG.jpg\",\"contentUrl\":\"https:\/\/excellthera.com\/wp-content\/uploads\/2023\/10\/ExcellThera-OG.jpg\",\"width\":1200,\"height\":630,\"caption\":\"ExcellThera\"},\"image\":{\"@id\":\"https:\/\/excellthera.com\/fr\/#\/schema\/logo\/image\/\"}}]}<\/script>\n<!-- \/ Yoast SEO plugin. -->","yoast_head_json":{"title":"Pipeline - ExCellThera","description":"Plongez dans notre pipeline prometteur de solutions de m\u00e9decine r\u00e9g\u00e9n\u00e9rative de pointe. D\u00e9couvrez l'avenir des soins de sant\u00e9 gr\u00e2ce \u00e0 nos efforts de recherche et de d\u00e9veloppement.","robots":{"index":"index","follow":"follow","max-snippet":"max-snippet:-1","max-image-preview":"max-image-preview:large","max-video-preview":"max-video-preview:-1"},"canonical":"https:\/\/excellthera.com\/fr\/pipeline\/","og_locale":"fr_FR","og_type":"article","og_title":"Pipeline - ExCellThera","og_description":"Plongez dans notre pipeline prometteur de solutions de m\u00e9decine r\u00e9g\u00e9n\u00e9rative de pointe. D\u00e9couvrez l'avenir des soins de sant\u00e9 gr\u00e2ce \u00e0 nos efforts de recherche et de d\u00e9veloppement.","og_url":"https:\/\/excellthera.com\/fr\/pipeline\/","og_site_name":"ExCellThera","article_modified_time":"2023-10-26T14:58:16+00:00","og_image":[{"width":1200,"height":630,"url":"https:\/\/excellthera.com\/wp-content\/uploads\/2023\/10\/ExcellThera-OG.jpg","type":"image\/jpeg"}],"twitter_card":"summary_large_image","schema":{"@context":"https:\/\/schema.org","@graph":[{"@type":"WebPage","@id":"https:\/\/excellthera.com\/fr\/pipeline\/","url":"https:\/\/excellthera.com\/fr\/pipeline\/","name":"Pipeline - ExCellThera","isPartOf":{"@id":"https:\/\/excellthera.com\/fr\/#website"},"datePublished":"2023-09-11T18:32:23+00:00","dateModified":"2023-10-26T14:58:16+00:00","description":"Plongez dans notre pipeline prometteur de solutions de m\u00e9decine r\u00e9g\u00e9n\u00e9rative de pointe. D\u00e9couvrez l'avenir des soins de sant\u00e9 gr\u00e2ce \u00e0 nos efforts de recherche et de d\u00e9veloppement.","breadcrumb":{"@id":"https:\/\/excellthera.com\/fr\/pipeline\/#breadcrumb"},"inLanguage":"fr-FR","potentialAction":[{"@type":"ReadAction","target":["https:\/\/excellthera.com\/fr\/pipeline\/"]}]},{"@type":"BreadcrumbList","@id":"https:\/\/excellthera.com\/fr\/pipeline\/#breadcrumb","itemListElement":[{"@type":"ListItem","position":1,"name":"Home","item":"https:\/\/excellthera.com\/fr\/"},{"@type":"ListItem","position":2,"name":"Pipeline"}]},{"@type":"WebSite","@id":"https:\/\/excellthera.com\/fr\/#website","url":"https:\/\/excellthera.com\/fr\/","name":"ExCellThera","description":"","publisher":{"@id":"https:\/\/excellthera.com\/fr\/#organization"},"potentialAction":[{"@type":"SearchAction","target":{"@type":"EntryPoint","urlTemplate":"https:\/\/excellthera.com\/fr\/?s={search_term_string}"},"query-input":"required name=search_term_string"}],"inLanguage":"fr-FR"},{"@type":"Organization","@id":"https:\/\/excellthera.com\/fr\/#organization","name":"ExcellThera","url":"https:\/\/excellthera.com\/fr\/","logo":{"@type":"ImageObject","inLanguage":"fr-FR","@id":"https:\/\/excellthera.com\/fr\/#\/schema\/logo\/image\/","url":"https:\/\/excellthera.com\/wp-content\/uploads\/2023\/10\/ExcellThera-OG.jpg","contentUrl":"https:\/\/excellthera.com\/wp-content\/uploads\/2023\/10\/ExcellThera-OG.jpg","width":1200,"height":630,"caption":"ExcellThera"},"image":{"@id":"https:\/\/excellthera.com\/fr\/#\/schema\/logo\/image\/"}}]}},"_links":{"self":[{"href":"https:\/\/excellthera.com\/fr\/wp-json\/wp\/v2\/pages\/502","targetHints":{"allow":["GET"]}}],"collection":[{"href":"https:\/\/excellthera.com\/fr\/wp-json\/wp\/v2\/pages"}],"about":[{"href":"https:\/\/excellthera.com\/fr\/wp-json\/wp\/v2\/types\/page"}],"author":[{"embeddable":true,"href":"https:\/\/excellthera.com\/fr\/wp-json\/wp\/v2\/users\/2"}],"replies":[{"embeddable":true,"href":"https:\/\/excellthera.com\/fr\/wp-json\/wp\/v2\/comments?post=502"}],"version-history":[{"count":4,"href":"https:\/\/excellthera.com\/fr\/wp-json\/wp\/v2\/pages\/502\/revisions"}],"predecessor-version":[{"id":686,"href":"https:\/\/excellthera.com\/fr\/wp-json\/wp\/v2\/pages\/502\/revisions\/686"}],"wp:attachment":[{"href":"https:\/\/excellthera.com\/fr\/wp-json\/wp\/v2\/media?parent=502"}],"curies":[{"name":"wp","href":"https:\/\/api.w.org\/{rel}","templated":true}]}}