{"id":497,"date":"2023-09-11T14:32:08","date_gmt":"2023-09-11T18:32:08","guid":{"rendered":"https:\/\/excellthera.com\/um171-cell-therapy\/"},"modified":"2023-10-26T11:23:51","modified_gmt":"2023-10-26T15:23:51","slug":"therapie-cellulaire-um171","status":"publish","type":"page","link":"https:\/\/excellthera.com\/fr\/therapie-cellulaire-um171\/","title":{"rendered":"Th\u00e9rapie cellulaire UM171"},"content":{"rendered":"","protected":false},"excerpt":{"rendered":"","protected":false},"author":2,"featured_media":0,"parent":0,"menu_order":0,"comment_status":"closed","ping_status":"closed","template":"page-templates\/template-um171.php","meta":{"footnotes":""},"class_list":["post-497","page","type-page","status-publish","hentry"],"acf":[],"yoast_head":"<!-- This site is optimized with the Yoast SEO plugin v21.5 - https:\/\/yoast.com\/wordpress\/plugins\/seo\/ -->\n<title>Th\u00e9rapie cellulaire UM171 - ExCellThera<\/title>\n<meta name=\"description\" content=\"La th\u00e9rapie cellulaire UM171 fait d\u00e9sormais partie de Cordex Biologics Inc., une filiale \u00e0 part enti\u00e8re d\u2019ExCellThera.\" \/>\n<meta name=\"robots\" content=\"index, follow, max-snippet:-1, max-image-preview:large, max-video-preview:-1\" \/>\n<link rel=\"canonical\" href=\"https:\/\/excellthera.com\/fr\/therapie-cellulaire-um171\/\" \/>\n<meta property=\"og:locale\" content=\"fr_FR\" \/>\n<meta property=\"og:type\" content=\"article\" \/>\n<meta property=\"og:title\" content=\"Th\u00e9rapie cellulaire UM171 - ExCellThera\" \/>\n<meta property=\"og:description\" content=\"La th\u00e9rapie cellulaire UM171 fait d\u00e9sormais partie de Cordex Biologics Inc., une filiale \u00e0 part enti\u00e8re d\u2019ExCellThera.\" \/>\n<meta property=\"og:url\" content=\"https:\/\/excellthera.com\/fr\/therapie-cellulaire-um171\/\" \/>\n<meta property=\"og:site_name\" content=\"ExCellThera\" \/>\n<meta property=\"article:modified_time\" content=\"2023-10-26T15:23:51+00:00\" \/>\n<meta property=\"og:image\" content=\"https:\/\/excellthera.com\/wp-content\/uploads\/2023\/10\/ExcellThera-OG.jpg\" \/>\n\t<meta property=\"og:image:width\" content=\"1200\" \/>\n\t<meta property=\"og:image:height\" content=\"630\" \/>\n\t<meta property=\"og:image:type\" content=\"image\/jpeg\" \/>\n<meta name=\"twitter:card\" content=\"summary_large_image\" \/>\n<script type=\"application\/ld+json\" class=\"yoast-schema-graph\">{\"@context\":\"https:\/\/schema.org\",\"@graph\":[{\"@type\":\"WebPage\",\"@id\":\"https:\/\/excellthera.com\/fr\/therapie-cellulaire-um171\/\",\"url\":\"https:\/\/excellthera.com\/fr\/therapie-cellulaire-um171\/\",\"name\":\"Th\u00e9rapie cellulaire UM171 - ExCellThera\",\"isPartOf\":{\"@id\":\"https:\/\/excellthera.com\/fr\/#website\"},\"datePublished\":\"2023-09-11T18:32:08+00:00\",\"dateModified\":\"2023-10-26T15:23:51+00:00\",\"description\":\"La th\u00e9rapie cellulaire UM171 fait d\u00e9sormais partie de Cordex Biologics Inc., une filiale \u00e0 part enti\u00e8re d\u2019ExCellThera.\",\"breadcrumb\":{\"@id\":\"https:\/\/excellthera.com\/fr\/therapie-cellulaire-um171\/#breadcrumb\"},\"inLanguage\":\"fr-FR\",\"potentialAction\":[{\"@type\":\"ReadAction\",\"target\":[\"https:\/\/excellthera.com\/fr\/therapie-cellulaire-um171\/\"]}]},{\"@type\":\"BreadcrumbList\",\"@id\":\"https:\/\/excellthera.com\/fr\/therapie-cellulaire-um171\/#breadcrumb\",\"itemListElement\":[{\"@type\":\"ListItem\",\"position\":1,\"name\":\"Home\",\"item\":\"https:\/\/excellthera.com\/fr\/\"},{\"@type\":\"ListItem\",\"position\":2,\"name\":\"Th\u00e9rapie cellulaire UM171\"}]},{\"@type\":\"WebSite\",\"@id\":\"https:\/\/excellthera.com\/fr\/#website\",\"url\":\"https:\/\/excellthera.com\/fr\/\",\"name\":\"ExCellThera\",\"description\":\"\",\"publisher\":{\"@id\":\"https:\/\/excellthera.com\/fr\/#organization\"},\"potentialAction\":[{\"@type\":\"SearchAction\",\"target\":{\"@type\":\"EntryPoint\",\"urlTemplate\":\"https:\/\/excellthera.com\/fr\/?s={search_term_string}\"},\"query-input\":\"required name=search_term_string\"}],\"inLanguage\":\"fr-FR\"},{\"@type\":\"Organization\",\"@id\":\"https:\/\/excellthera.com\/fr\/#organization\",\"name\":\"ExcellThera\",\"url\":\"https:\/\/excellthera.com\/fr\/\",\"logo\":{\"@type\":\"ImageObject\",\"inLanguage\":\"fr-FR\",\"@id\":\"https:\/\/excellthera.com\/fr\/#\/schema\/logo\/image\/\",\"url\":\"https:\/\/excellthera.com\/wp-content\/uploads\/2023\/10\/ExcellThera-OG.jpg\",\"contentUrl\":\"https:\/\/excellthera.com\/wp-content\/uploads\/2023\/10\/ExcellThera-OG.jpg\",\"width\":1200,\"height\":630,\"caption\":\"ExcellThera\"},\"image\":{\"@id\":\"https:\/\/excellthera.com\/fr\/#\/schema\/logo\/image\/\"}}]}<\/script>\n<!-- \/ Yoast SEO plugin. -->","yoast_head_json":{"title":"Th\u00e9rapie cellulaire UM171 - ExCellThera","description":"La th\u00e9rapie cellulaire UM171 fait d\u00e9sormais partie de Cordex Biologics Inc., une filiale \u00e0 part enti\u00e8re d\u2019ExCellThera.","robots":{"index":"index","follow":"follow","max-snippet":"max-snippet:-1","max-image-preview":"max-image-preview:large","max-video-preview":"max-video-preview:-1"},"canonical":"https:\/\/excellthera.com\/fr\/therapie-cellulaire-um171\/","og_locale":"fr_FR","og_type":"article","og_title":"Th\u00e9rapie cellulaire UM171 - ExCellThera","og_description":"La th\u00e9rapie cellulaire UM171 fait d\u00e9sormais partie de Cordex Biologics Inc., une filiale \u00e0 part enti\u00e8re d\u2019ExCellThera.","og_url":"https:\/\/excellthera.com\/fr\/therapie-cellulaire-um171\/","og_site_name":"ExCellThera","article_modified_time":"2023-10-26T15:23:51+00:00","og_image":[{"width":1200,"height":630,"url":"https:\/\/excellthera.com\/wp-content\/uploads\/2023\/10\/ExcellThera-OG.jpg","type":"image\/jpeg"}],"twitter_card":"summary_large_image","schema":{"@context":"https:\/\/schema.org","@graph":[{"@type":"WebPage","@id":"https:\/\/excellthera.com\/fr\/therapie-cellulaire-um171\/","url":"https:\/\/excellthera.com\/fr\/therapie-cellulaire-um171\/","name":"Th\u00e9rapie cellulaire UM171 - ExCellThera","isPartOf":{"@id":"https:\/\/excellthera.com\/fr\/#website"},"datePublished":"2023-09-11T18:32:08+00:00","dateModified":"2023-10-26T15:23:51+00:00","description":"La th\u00e9rapie cellulaire UM171 fait d\u00e9sormais partie de Cordex Biologics Inc., une filiale \u00e0 part enti\u00e8re d\u2019ExCellThera.","breadcrumb":{"@id":"https:\/\/excellthera.com\/fr\/therapie-cellulaire-um171\/#breadcrumb"},"inLanguage":"fr-FR","potentialAction":[{"@type":"ReadAction","target":["https:\/\/excellthera.com\/fr\/therapie-cellulaire-um171\/"]}]},{"@type":"BreadcrumbList","@id":"https:\/\/excellthera.com\/fr\/therapie-cellulaire-um171\/#breadcrumb","itemListElement":[{"@type":"ListItem","position":1,"name":"Home","item":"https:\/\/excellthera.com\/fr\/"},{"@type":"ListItem","position":2,"name":"Th\u00e9rapie cellulaire UM171"}]},{"@type":"WebSite","@id":"https:\/\/excellthera.com\/fr\/#website","url":"https:\/\/excellthera.com\/fr\/","name":"ExCellThera","description":"","publisher":{"@id":"https:\/\/excellthera.com\/fr\/#organization"},"potentialAction":[{"@type":"SearchAction","target":{"@type":"EntryPoint","urlTemplate":"https:\/\/excellthera.com\/fr\/?s={search_term_string}"},"query-input":"required name=search_term_string"}],"inLanguage":"fr-FR"},{"@type":"Organization","@id":"https:\/\/excellthera.com\/fr\/#organization","name":"ExcellThera","url":"https:\/\/excellthera.com\/fr\/","logo":{"@type":"ImageObject","inLanguage":"fr-FR","@id":"https:\/\/excellthera.com\/fr\/#\/schema\/logo\/image\/","url":"https:\/\/excellthera.com\/wp-content\/uploads\/2023\/10\/ExcellThera-OG.jpg","contentUrl":"https:\/\/excellthera.com\/wp-content\/uploads\/2023\/10\/ExcellThera-OG.jpg","width":1200,"height":630,"caption":"ExcellThera"},"image":{"@id":"https:\/\/excellthera.com\/fr\/#\/schema\/logo\/image\/"}}]}},"_links":{"self":[{"href":"https:\/\/excellthera.com\/fr\/wp-json\/wp\/v2\/pages\/497","targetHints":{"allow":["GET"]}}],"collection":[{"href":"https:\/\/excellthera.com\/fr\/wp-json\/wp\/v2\/pages"}],"about":[{"href":"https:\/\/excellthera.com\/fr\/wp-json\/wp\/v2\/types\/page"}],"author":[{"embeddable":true,"href":"https:\/\/excellthera.com\/fr\/wp-json\/wp\/v2\/users\/2"}],"replies":[{"embeddable":true,"href":"https:\/\/excellthera.com\/fr\/wp-json\/wp\/v2\/comments?post=497"}],"version-history":[{"count":6,"href":"https:\/\/excellthera.com\/fr\/wp-json\/wp\/v2\/pages\/497\/revisions"}],"predecessor-version":[{"id":688,"href":"https:\/\/excellthera.com\/fr\/wp-json\/wp\/v2\/pages\/497\/revisions\/688"}],"wp:attachment":[{"href":"https:\/\/excellthera.com\/fr\/wp-json\/wp\/v2\/media?parent=497"}],"curies":[{"name":"wp","href":"https:\/\/api.w.org\/{rel}","templated":true}]}}