{"id":492,"date":"2023-09-11T14:32:36","date_gmt":"2023-09-11T18:32:36","guid":{"rendered":"https:\/\/excellthera.com\/privacy-policy\/"},"modified":"2025-06-20T10:55:18","modified_gmt":"2025-06-20T14:55:18","slug":"politique-de-confidentialite","status":"publish","type":"page","link":"https:\/\/excellthera.com\/fr\/politique-de-confidentialite\/","title":{"rendered":"Politique de confidentialit\u00e9"},"content":{"rendered":"","protected":false},"excerpt":{"rendered":"","protected":false},"author":2,"featured_media":0,"parent":0,"menu_order":0,"comment_status":"closed","ping_status":"closed","template":"page-templates\/template-wysiwyg.php","meta":{"footnotes":""},"class_list":["post-492","page","type-page","status-publish","hentry"],"acf":[],"yoast_head":"<!-- This site is optimized with the Yoast SEO plugin v21.5 - https:\/\/yoast.com\/wordpress\/plugins\/seo\/ -->\n<title>Politique de confidentialit\u00e9 - ExCellThera<\/title>\n<meta name=\"description\" content=\"Cette page a pour but de vous informer sur nos politiques concernant la collecte, l&#039;utilisation et la divulgation des renseignements personnels fournis par les utilisateurs du site. Cette politique de confidentialit\u00e9 s&#039;applique \u00e0 la totalit\u00e9 du site ainsi qu&#039;\u00e0 tous les produits et services que nous proposons.\" \/>\n<meta name=\"robots\" content=\"index, follow, max-snippet:-1, max-image-preview:large, max-video-preview:-1\" \/>\n<link rel=\"canonical\" href=\"https:\/\/excellthera.com\/fr\/politique-de-confidentialite\/\" \/>\n<meta property=\"og:locale\" content=\"fr_FR\" \/>\n<meta property=\"og:type\" content=\"article\" \/>\n<meta property=\"og:title\" content=\"Politique de confidentialit\u00e9 - ExCellThera\" \/>\n<meta property=\"og:description\" content=\"Cette page a pour but de vous informer sur nos politiques concernant la collecte, l&#039;utilisation et la divulgation des renseignements personnels fournis par les utilisateurs du site. Cette politique de confidentialit\u00e9 s&#039;applique \u00e0 la totalit\u00e9 du site ainsi qu&#039;\u00e0 tous les produits et services que nous proposons.\" \/>\n<meta property=\"og:url\" content=\"https:\/\/excellthera.com\/fr\/politique-de-confidentialite\/\" \/>\n<meta property=\"og:site_name\" content=\"ExCellThera\" \/>\n<meta property=\"article:modified_time\" content=\"2025-06-20T14:55:18+00:00\" \/>\n<meta property=\"og:image\" content=\"https:\/\/excellthera.com\/wp-content\/uploads\/2023\/10\/ExcellThera-OG.jpg\" \/>\n\t<meta property=\"og:image:width\" content=\"1200\" \/>\n\t<meta property=\"og:image:height\" content=\"630\" \/>\n\t<meta property=\"og:image:type\" content=\"image\/jpeg\" \/>\n<meta name=\"twitter:card\" content=\"summary_large_image\" \/>\n<script type=\"application\/ld+json\" class=\"yoast-schema-graph\">{\"@context\":\"https:\/\/schema.org\",\"@graph\":[{\"@type\":\"WebPage\",\"@id\":\"https:\/\/excellthera.com\/fr\/politique-de-confidentialite\/\",\"url\":\"https:\/\/excellthera.com\/fr\/politique-de-confidentialite\/\",\"name\":\"Politique de confidentialit\u00e9 - ExCellThera\",\"isPartOf\":{\"@id\":\"https:\/\/excellthera.com\/fr\/#website\"},\"datePublished\":\"2023-09-11T18:32:36+00:00\",\"dateModified\":\"2025-06-20T14:55:18+00:00\",\"description\":\"Cette page a pour but de vous informer sur nos politiques concernant la collecte, l'utilisation et la divulgation des renseignements personnels fournis par les utilisateurs du site. Cette politique de confidentialit\u00e9 s'applique \u00e0 la totalit\u00e9 du site ainsi qu'\u00e0 tous les produits et services que nous proposons.\",\"breadcrumb\":{\"@id\":\"https:\/\/excellthera.com\/fr\/politique-de-confidentialite\/#breadcrumb\"},\"inLanguage\":\"fr-FR\",\"potentialAction\":[{\"@type\":\"ReadAction\",\"target\":[\"https:\/\/excellthera.com\/fr\/politique-de-confidentialite\/\"]}]},{\"@type\":\"BreadcrumbList\",\"@id\":\"https:\/\/excellthera.com\/fr\/politique-de-confidentialite\/#breadcrumb\",\"itemListElement\":[{\"@type\":\"ListItem\",\"position\":1,\"name\":\"Home\",\"item\":\"https:\/\/excellthera.com\/fr\/\"},{\"@type\":\"ListItem\",\"position\":2,\"name\":\"Politique de confidentialit\u00e9\"}]},{\"@type\":\"WebSite\",\"@id\":\"https:\/\/excellthera.com\/fr\/#website\",\"url\":\"https:\/\/excellthera.com\/fr\/\",\"name\":\"ExCellThera\",\"description\":\"\",\"publisher\":{\"@id\":\"https:\/\/excellthera.com\/fr\/#organization\"},\"potentialAction\":[{\"@type\":\"SearchAction\",\"target\":{\"@type\":\"EntryPoint\",\"urlTemplate\":\"https:\/\/excellthera.com\/fr\/?s={search_term_string}\"},\"query-input\":\"required name=search_term_string\"}],\"inLanguage\":\"fr-FR\"},{\"@type\":\"Organization\",\"@id\":\"https:\/\/excellthera.com\/fr\/#organization\",\"name\":\"ExcellThera\",\"url\":\"https:\/\/excellthera.com\/fr\/\",\"logo\":{\"@type\":\"ImageObject\",\"inLanguage\":\"fr-FR\",\"@id\":\"https:\/\/excellthera.com\/fr\/#\/schema\/logo\/image\/\",\"url\":\"https:\/\/excellthera.com\/wp-content\/uploads\/2023\/10\/ExcellThera-OG.jpg\",\"contentUrl\":\"https:\/\/excellthera.com\/wp-content\/uploads\/2023\/10\/ExcellThera-OG.jpg\",\"width\":1200,\"height\":630,\"caption\":\"ExcellThera\"},\"image\":{\"@id\":\"https:\/\/excellthera.com\/fr\/#\/schema\/logo\/image\/\"}}]}<\/script>\n<!-- \/ Yoast SEO plugin. -->","yoast_head_json":{"title":"Politique de confidentialit\u00e9 - ExCellThera","description":"Cette page a pour but de vous informer sur nos politiques concernant la collecte, l'utilisation et la divulgation des renseignements personnels fournis par les utilisateurs du site. Cette politique de confidentialit\u00e9 s'applique \u00e0 la totalit\u00e9 du site ainsi qu'\u00e0 tous les produits et services que nous proposons.","robots":{"index":"index","follow":"follow","max-snippet":"max-snippet:-1","max-image-preview":"max-image-preview:large","max-video-preview":"max-video-preview:-1"},"canonical":"https:\/\/excellthera.com\/fr\/politique-de-confidentialite\/","og_locale":"fr_FR","og_type":"article","og_title":"Politique de confidentialit\u00e9 - ExCellThera","og_description":"Cette page a pour but de vous informer sur nos politiques concernant la collecte, l'utilisation et la divulgation des renseignements personnels fournis par les utilisateurs du site. Cette politique de confidentialit\u00e9 s'applique \u00e0 la totalit\u00e9 du site ainsi qu'\u00e0 tous les produits et services que nous proposons.","og_url":"https:\/\/excellthera.com\/fr\/politique-de-confidentialite\/","og_site_name":"ExCellThera","article_modified_time":"2025-06-20T14:55:18+00:00","og_image":[{"width":1200,"height":630,"url":"https:\/\/excellthera.com\/wp-content\/uploads\/2023\/10\/ExcellThera-OG.jpg","type":"image\/jpeg"}],"twitter_card":"summary_large_image","schema":{"@context":"https:\/\/schema.org","@graph":[{"@type":"WebPage","@id":"https:\/\/excellthera.com\/fr\/politique-de-confidentialite\/","url":"https:\/\/excellthera.com\/fr\/politique-de-confidentialite\/","name":"Politique de confidentialit\u00e9 - ExCellThera","isPartOf":{"@id":"https:\/\/excellthera.com\/fr\/#website"},"datePublished":"2023-09-11T18:32:36+00:00","dateModified":"2025-06-20T14:55:18+00:00","description":"Cette page a pour but de vous informer sur nos politiques concernant la collecte, l'utilisation et la divulgation des renseignements personnels fournis par les utilisateurs du site. Cette politique de confidentialit\u00e9 s'applique \u00e0 la totalit\u00e9 du site ainsi qu'\u00e0 tous les produits et services que nous proposons.","breadcrumb":{"@id":"https:\/\/excellthera.com\/fr\/politique-de-confidentialite\/#breadcrumb"},"inLanguage":"fr-FR","potentialAction":[{"@type":"ReadAction","target":["https:\/\/excellthera.com\/fr\/politique-de-confidentialite\/"]}]},{"@type":"BreadcrumbList","@id":"https:\/\/excellthera.com\/fr\/politique-de-confidentialite\/#breadcrumb","itemListElement":[{"@type":"ListItem","position":1,"name":"Home","item":"https:\/\/excellthera.com\/fr\/"},{"@type":"ListItem","position":2,"name":"Politique de confidentialit\u00e9"}]},{"@type":"WebSite","@id":"https:\/\/excellthera.com\/fr\/#website","url":"https:\/\/excellthera.com\/fr\/","name":"ExCellThera","description":"","publisher":{"@id":"https:\/\/excellthera.com\/fr\/#organization"},"potentialAction":[{"@type":"SearchAction","target":{"@type":"EntryPoint","urlTemplate":"https:\/\/excellthera.com\/fr\/?s={search_term_string}"},"query-input":"required name=search_term_string"}],"inLanguage":"fr-FR"},{"@type":"Organization","@id":"https:\/\/excellthera.com\/fr\/#organization","name":"ExcellThera","url":"https:\/\/excellthera.com\/fr\/","logo":{"@type":"ImageObject","inLanguage":"fr-FR","@id":"https:\/\/excellthera.com\/fr\/#\/schema\/logo\/image\/","url":"https:\/\/excellthera.com\/wp-content\/uploads\/2023\/10\/ExcellThera-OG.jpg","contentUrl":"https:\/\/excellthera.com\/wp-content\/uploads\/2023\/10\/ExcellThera-OG.jpg","width":1200,"height":630,"caption":"ExcellThera"},"image":{"@id":"https:\/\/excellthera.com\/fr\/#\/schema\/logo\/image\/"}}]}},"_links":{"self":[{"href":"https:\/\/excellthera.com\/fr\/wp-json\/wp\/v2\/pages\/492","targetHints":{"allow":["GET"]}}],"collection":[{"href":"https:\/\/excellthera.com\/fr\/wp-json\/wp\/v2\/pages"}],"about":[{"href":"https:\/\/excellthera.com\/fr\/wp-json\/wp\/v2\/types\/page"}],"author":[{"embeddable":true,"href":"https:\/\/excellthera.com\/fr\/wp-json\/wp\/v2\/users\/2"}],"replies":[{"embeddable":true,"href":"https:\/\/excellthera.com\/fr\/wp-json\/wp\/v2\/comments?post=492"}],"version-history":[{"count":8,"href":"https:\/\/excellthera.com\/fr\/wp-json\/wp\/v2\/pages\/492\/revisions"}],"predecessor-version":[{"id":861,"href":"https:\/\/excellthera.com\/fr\/wp-json\/wp\/v2\/pages\/492\/revisions\/861"}],"wp:attachment":[{"href":"https:\/\/excellthera.com\/fr\/wp-json\/wp\/v2\/media?parent=492"}],"curies":[{"name":"wp","href":"https:\/\/api.w.org\/{rel}","templated":true}]}}